{"id":33,"date":"2019-12-27T11:44:57","date_gmt":"2019-12-27T10:44:57","guid":{"rendered":"http:\/\/www.club-der-ringelsocken-sechtem.de\/?page_id=33"},"modified":"2022-02-28T09:01:56","modified_gmt":"2022-02-28T08:01:56","slug":"ueber-uns","status":"publish","type":"page","link":"https:\/\/www.club-der-ringelsocken-sechtem.de\/?page_id=33","title":{"rendered":"\u00dcber uns"},"content":{"rendered":"\n<p><br>Der Club der Ringelsocken (CRS) \u2013 was ist das?<\/p>\n\n\n\n<p>Kinder leben in dieser modernen Welt zunehmend in einer kinderfeindlichen Umgebung. Zum Spielen fehlen oft die n\u00f6tigen Freir\u00e4ume. Schule bedeutet oft Leistungsstress und Angst. Starker Medienkonsum bedr\u00e4ngt, verunsichert und vereinsamt viele junge Menschen. Wie k\u00f6nnen wir Kindern helfen, ihr Leben und ihre Zukunft zu bew\u00e4ltigen?<\/p>\n\n\n\n<p>Der CRS<\/p>\n\n\n\n<p>\u2013 \u2026 ist eine Gruppe f\u00fcr M\u00e4dchen und Jungen im Alter von 7 \u2013 14 Jahren mit einem w\u00f6chentlichen Programmangebot<br>\u2013 \u2026 bietet den richtigen Ausgleich f\u00fcr gestresste Sch\u00fclerInnen durch entspannene Freizeitgestaltung in einer Gruppe<br>\u2013 \u2026 schafft eine Atmosp\u00e4re guter Freundschaft und Verbundenheit durch Sport, Singen, Abenteuer in der Natur und Gruppenspiele<br>\u2013 \u2026 st\u00e4rkt die Kreativit\u00e4t und das Selbstvertrauen der M\u00e4dchen und Jungen durch interessantes Basten und kniffliges R\u00e4tseln<br>\u2013 \u2026 vermittelt den Kindern Orientierung, Wertma\u00dfst\u00e4be und Geborgenheit. Dies geschieht z.B. durch spannendes Erz\u00e4hlen und bildhaftes Darstellen biblischer Geschichten<br>\u2013 \u2026 setzt H\u00f6hepunkte durch fr\u00f6hliche Feste, Ausfl\u00fcge, Gel\u00e4ndespiele und Freizeiten<br>\u2013 \u2026 hilft Kindern gewinnen und verlieren zu lernen, zu teilen und sich beschenken zu lassen, kritisch zu sein und zu vertrauen. Durch Vertrauen in Jesus Christus empfangen die Kinder Mut f\u00fcr die Zukunft und Halt f\u00fcr das Leben<\/p>\n\n\n\n<p>Neugierig geworden?<br>Jedes Kind ab 7 Jahren kann gerne bei den w\u00f6chentlichen Gruppenabenden im Geschwister-Scholl-Haus, Kaiserstr. 19, in (53332 Bornheim-) Sechtem \u201ereinschnuppern\u201c.<\/p>\n\n\n\n<p>Aktuell umfasst die Jungschar nur eine <strong>Montagsgruppe<\/strong>. Die Gruppenzeit findet im Zeitraum 17:00 Uhr \u2013 18:30 Uhr (au\u00dfer in den Schulferien und an Feiertagen) statt.<\/p>\n\n\n\n<p><br>Bei Fragen zum Angebot wenden Sie sich bitte an:<\/p>\n\n\n\n<p>Lucia Benner<br>-\u00d6ffentlichkeitsarbeit CRS-<br>(emails bitte \u00fcber die im Seitenkopf angegebene Adresse)<\/p>\n\n\n\n<p><strong>Wichtig: Es wird kein Teilnahmebeitrag erhoben.<\/strong><br><strong>Deshalb sind wir auch auf Ihre Spende angewiesen.<\/strong><\/p>\n\n\n\n<p>Freie evangelische Gemeinde Br\u00fchl<br>Stichwort: \u201eJunge Generation\u201c<br>IBAN: DE93452604750007816600<br>BIC: GENODEM1BFG<br>SKB Witten<br><\/p>\n","protected":false},"excerpt":{"rendered":"<p>Der Club der Ringelsocken (CRS) \u2013 was ist das? Kinder leben in dieser modernen Welt zunehmend in einer kinderfeindlichen Umgebung. Zum Spielen fehlen oft die n\u00f6tigen Freir\u00e4ume. Schule bedeutet oft&#8230;<\/p>\n","protected":false},"author":1,"featured_media":0,"parent":0,"menu_order":0,"comment_status":"closed","ping_status":"closed","template":"","meta":{"footnotes":""},"class_list":["post-33","page","type-page","status-publish","hentry","entry"],"_links":{"self":[{"href":"https:\/\/www.club-der-ringelsocken-sechtem.de\/index.php?rest_route=\/wp\/v2\/pages\/33","targetHints":{"allow":["GET"]}}],"collection":[{"href":"https:\/\/www.club-der-ringelsocken-sechtem.de\/index.php?rest_route=\/wp\/v2\/pages"}],"about":[{"href":"https:\/\/www.club-der-ringelsocken-sechtem.de\/index.php?rest_route=\/wp\/v2\/types\/page"}],"author":[{"embeddable":true,"href":"https:\/\/www.club-der-ringelsocken-sechtem.de\/index.php?rest_route=\/wp\/v2\/users\/1"}],"replies":[{"embeddable":true,"href":"https:\/\/www.club-der-ringelsocken-sechtem.de\/index.php?rest_route=%2Fwp%2Fv2%2Fcomments&post=33"}],"version-history":[{"count":3,"href":"https:\/\/www.club-der-ringelsocken-sechtem.de\/index.php?rest_route=\/wp\/v2\/pages\/33\/revisions"}],"predecessor-version":[{"id":14828,"href":"https:\/\/www.club-der-ringelsocken-sechtem.de\/index.php?rest_route=\/wp\/v2\/pages\/33\/revisions\/14828"}],"wp:attachment":[{"href":"https:\/\/www.club-der-ringelsocken-sechtem.de\/index.php?rest_route=%2Fwp%2Fv2%2Fmedia&parent=33"}],"curies":[{"name":"wp","href":"https:\/\/api.w.org\/{rel}","templated":true}]}}