{"id":24,"date":"2019-12-27T11:42:16","date_gmt":"2019-12-27T10:42:16","guid":{"rendered":"http:\/\/www.club-der-ringelsocken-sechtem.de\/?page_id=24"},"modified":"2019-12-27T15:45:00","modified_gmt":"2019-12-27T14:45:00","slug":"der-club-der-ringelsocken-sechtem","status":"publish","type":"page","link":"https:\/\/www.club-der-ringelsocken-sechtem.de\/","title":{"rendered":"CRS"},"content":{"rendered":"\n<figure class=\"wp-block-image size-large is-resized\"><img loading=\"lazy\" decoding=\"async\" src=\"https:\/\/www.club-der-ringelsocken-sechtem.de\/wp-content\/uploads\/2019\/12\/label-christlicher-fisch-34401000_1_29494-e1577457561479.jpg\" alt=\"\" class=\"wp-image-14658\" width=\"176\" height=\"176\"\/><\/figure>\n\n\n\n<p>Herzlich Willkommen auf der Internetpr\u00e4senz des \u201cClub der Ringelsocken Sechtem\u201d.<\/p>\n\n\n\n<p>Auf diesen Seiten stellen wir unsere Arbeit und unsere Ziele vor.<br>Weiterhin gibt es viele Informationen rund um unsere Jungschar.<br>Die Seiten werden regelm\u00e4\u00dfig aktualisiert, sodass sich ein wiederkehrender Besuch lohnt.<br>Viel Spa\u00df!<\/p>\n\n\n\n<p> <\/p>\n\n\n\n<p>______________________________________________________________________________<\/p>\n\n\n\n<div class=\"tpg-get-posts\" ><div class=\"tpg-get-posts-post\" ><div class=\"tpg-title-class\"><h2><a href=\"https:\/\/www.club-der-ringelsocken-sechtem.de\/?p=14909\" >Sommerferien und Gruppenstunden danach&#8230;<\/a><\/h2><\/div><div  class=\"tpg-byline-class\">By HHI  on Juli 19, 2025<\/div><div class=\"tpg-content-class\"><a href=\"https:\/\/www.club-der-ringelsocken-sechtem.de\/?p=14909\"><div class=\"tpg-thumbnail-class\"><\/div><\/a>\n<p>Liebe RS und RS-Eltern!<\/p>\n\n\n\n<p>Wir w\u00fcnschen Euch sch\u00f6ne und erholsame Sommerferien. Die RS machen Pause. Es finden keine Gruppenstunden statt. Aber: wenn Ihr an Eure Socke denkt, k\u00f6nnt ihr vielleicht ein sch\u00f6nes Foto mit ihr machen und dann am Fotowettbewerb teilnehmen?!?<\/p>\n\n\n\n<p><strong>Wichtige Information:<\/strong><br \/>Nach den Sommerferien starten wir eine Woche sp\u00e4ter mit den Gruppenstunden.<br \/>Es geht erst am <strong>08.09.25 um 17:00 Uhr<\/strong> weiter (die Woche vorher sind alle Mitarbeiter unterwegs).<\/p>\n\n\n\n<p>Wir freuen uns auf Euch!<\/p>\n\n\n\n<p>Liebe Gr\u00fc\u00dfe<\/p>\n\n\n\n<p>Das Team der Ringelsocken<\/p>\n<\/div><div class=\"tpg-metadata-class\"><span>Kommentare deaktiviert<span class=\"screen-reader-text\"> f\u00fcr Sommerferien und Gruppenstunden danach&#8230;<\/span><\/span>&nbsp;&nbsp;|&nbsp;&nbsp;Filed under: <a href=\"https:\/\/www.club-der-ringelsocken-sechtem.de\/?cat=1\" title=\"View all posts in Allgemein\">Allgemein<\/a>&nbsp;&nbsp;|&nbsp;&nbsp;<b>Tags:<\/b> No Tag<\/div><\/div><div class=\"tpg-get-posts-post\" ><div class=\"tpg-title-class\"><h2><a href=\"https:\/\/www.club-der-ringelsocken-sechtem.de\/?p=14895\" >Gruppenstunden in der Adventszeit \/ Informationen<\/a><\/h2><\/div><div  class=\"tpg-byline-class\">By HHI  on November 27, 2024<\/div><div class=\"tpg-content-class\"><a href=\"https:\/\/www.club-der-ringelsocken-sechtem.de\/?p=14895\"><div class=\"tpg-thumbnail-class\"><\/div><\/a>\n<p>Liebe Ringelsockenkinder und liebe Eltern,<\/p>\n\n\n\n<p>das Jahr neigt sich dem Ende entgegen und die Adventszeit beginnt bald. Ebenso der \u00f6kumenische Adventskalender in Sechtem. Dieser beginnt jeden Abend im Dezember um 18.30 Uhr bei unterschiedlichen Familien im Ort. <strong>Damit auch wir Ringelsocken p\u00fcnktlich daran teilnehmen k\u00f6nnen enden die Gruppenstunden im Dezember bereits um 18.15 Uhr.<\/strong><\/p>\n\n\n\n<p>Au\u00dferdem m\u00f6chten wir Sie und euch herzlich zu unserem <strong>Familiengottesdienst am 15.12.2024 um 15.00 Uhr in die freie evangelische Gemeinde Br\u00fchl <\/strong>(alte Bonnstra\u00dfe 146, 50321 Br\u00fchl)<strong> einladen<\/strong>. Auch die Ringelsockenkinder werden zwei Figuren aus der Weihnachtsgeschichte gestalten. Wer wissen m\u00f6chte, was mit den Figuren passieren wird, komme gerne am 3. Adventssonntag in die Gemeinde nach Br\u00fchl \ud83d\ude0a<\/p>\n\n\n\n<p>Wir w\u00fcnschen euch und Ihnen eine gesegnete und friedliche Advents- und Weihnachtszeit.<\/p>\n\n\n\n<p>Herzliche Gr\u00fc\u00dfe,<\/p>\n\n\n\n<p>das Ringelsocken-Team<\/p>\n<\/div><div class=\"tpg-metadata-class\"><span>Kommentare deaktiviert<span class=\"screen-reader-text\"> f\u00fcr Gruppenstunden in der Adventszeit \/ Informationen<\/span><\/span>&nbsp;&nbsp;|&nbsp;&nbsp;Filed under: <a href=\"https:\/\/www.club-der-ringelsocken-sechtem.de\/?cat=1\" title=\"View all posts in Allgemein\">Allgemein<\/a>&nbsp;&nbsp;|&nbsp;&nbsp;<b>Tags:<\/b> No Tag<\/div><\/div><div class=\"tpg-get-posts-post\" ><div class=\"tpg-title-class\"><h2><a href=\"https:\/\/www.club-der-ringelsocken-sechtem.de\/?p=14892\" >Laterne, Laterne, Sonne, Mond und Sterne am 04.11.2024<\/a><\/h2><\/div><div  class=\"tpg-byline-class\">By HHI  on Oktober 28, 2024<\/div><div class=\"tpg-content-class\"><a href=\"https:\/\/www.club-der-ringelsocken-sechtem.de\/?p=14892\"><div class=\"tpg-thumbnail-class\"><\/div><\/a>\n<p>Am 04.11.2024 (Montag) findet in Sechtem der diesj\u00e4hrige Martinszug statt.<br \/>Deshalb sind an diesem Tag KEINE Gruppenstunden f\u00fcr die Ringelsocken.<br \/>Das Geschwister &#8211; Scholl &#8211; Haus bleibt geschlossen!<\/p>\n\n\n\n<p>Wir w\u00fcnschen allen Ringelsocken und ihren Familien einen sch\u00f6nen Martinszug und viel Erfolg beim Schn\u00f6rzen.<\/p>\n\n\n\n<p>Wir freuen uns auf ein Wiedersehen am 11.11.<\/p>\n\n\n\n<p>Euer Team der RS<\/p>\n<\/div><div class=\"tpg-metadata-class\"><span>Kommentare deaktiviert<span class=\"screen-reader-text\"> f\u00fcr Laterne, Laterne, Sonne, Mond und Sterne am 04.11.2024<\/span><\/span>&nbsp;&nbsp;|&nbsp;&nbsp;Filed under: <a href=\"https:\/\/www.club-der-ringelsocken-sechtem.de\/?cat=1\" title=\"View all posts in Allgemein\">Allgemein<\/a>&nbsp;&nbsp;|&nbsp;&nbsp;<b>Tags:<\/b> No Tag<\/div><\/div><\/div><!-- #tpg-get-posts -->\n\n\n\n<p> <\/p>\n","protected":false},"excerpt":{"rendered":"<p>Herzlich Willkommen auf der Internetpr\u00e4senz des \u201cClub der Ringelsocken Sechtem\u201d. Auf diesen Seiten stellen wir unsere Arbeit und unsere Ziele vor.Weiterhin gibt es viele Informationen rund um unsere Jungschar.Die Seiten&#8230;<\/p>\n","protected":false},"author":1,"featured_media":0,"parent":0,"menu_order":0,"comment_status":"closed","ping_status":"closed","template":"","meta":{"footnotes":""},"class_list":["post-24","page","type-page","status-publish","hentry","entry"],"_links":{"self":[{"href":"https:\/\/www.club-der-ringelsocken-sechtem.de\/index.php?rest_route=\/wp\/v2\/pages\/24","targetHints":{"allow":["GET"]}}],"collection":[{"href":"https:\/\/www.club-der-ringelsocken-sechtem.de\/index.php?rest_route=\/wp\/v2\/pages"}],"about":[{"href":"https:\/\/www.club-der-ringelsocken-sechtem.de\/index.php?rest_route=\/wp\/v2\/types\/page"}],"author":[{"embeddable":true,"href":"https:\/\/www.club-der-ringelsocken-sechtem.de\/index.php?rest_route=\/wp\/v2\/users\/1"}],"replies":[{"embeddable":true,"href":"https:\/\/www.club-der-ringelsocken-sechtem.de\/index.php?rest_route=%2Fwp%2Fv2%2Fcomments&post=24"}],"version-history":[{"count":9,"href":"https:\/\/www.club-der-ringelsocken-sechtem.de\/index.php?rest_route=\/wp\/v2\/pages\/24\/revisions"}],"predecessor-version":[{"id":14662,"href":"https:\/\/www.club-der-ringelsocken-sechtem.de\/index.php?rest_route=\/wp\/v2\/pages\/24\/revisions\/14662"}],"wp:attachment":[{"href":"https:\/\/www.club-der-ringelsocken-sechtem.de\/index.php?rest_route=%2Fwp%2Fv2%2Fmedia&parent=24"}],"curies":[{"name":"wp","href":"https:\/\/api.w.org\/{rel}","templated":true}]}}