{"id":14639,"date":"2019-12-27T12:30:39","date_gmt":"2019-12-27T11:30:39","guid":{"rendered":"http:\/\/www.club-der-ringelsocken-sechtem.de\/?page_id=14639"},"modified":"2019-12-27T12:30:39","modified_gmt":"2019-12-27T11:30:39","slug":"bilder","status":"publish","type":"page","link":"https:\/\/www.club-der-ringelsocken-sechtem.de\/?page_id=14639","title":{"rendered":"Bilder"},"content":{"rendered":"\n<p>Fr\u00fcher gab es hier eine gro\u00dfe Auswahl von Bildern und Videos. Bildern von den Freizeiten, Ausfl\u00fcgen und Gruppenstunden. Fr\u00fcher gab es aber auch keine strenge Datenschutzgrundverordnung.<\/p>\n\n\n\n<p>Der CRS als Teil der FeG Br\u00fchl unterliegt deren Datenschutzvorgaben.<br>Leider k\u00f6nnen wir diese aktuell nicht erf\u00fcllen, insbesondere nicht retrograd bis 2012.<br>Deshalb gibt es hier aktuell KEINE Bilder.<br><\/p>\n\n\n\n<p>Aber wir arbeiten dran.<br>Bald gibt es auch wieder Bildmaterial!<\/p>\n","protected":false},"excerpt":{"rendered":"<p>Fr\u00fcher gab es hier eine gro\u00dfe Auswahl von Bildern und Videos. Bildern von den Freizeiten, Ausfl\u00fcgen und Gruppenstunden. Fr\u00fcher gab es aber auch keine strenge Datenschutzgrundverordnung. Der CRS als Teil&#8230;<\/p>\n","protected":false},"author":1,"featured_media":0,"parent":0,"menu_order":0,"comment_status":"closed","ping_status":"closed","template":"","meta":{"footnotes":""},"class_list":["post-14639","page","type-page","status-publish","hentry","entry"],"_links":{"self":[{"href":"https:\/\/www.club-der-ringelsocken-sechtem.de\/index.php?rest_route=\/wp\/v2\/pages\/14639","targetHints":{"allow":["GET"]}}],"collection":[{"href":"https:\/\/www.club-der-ringelsocken-sechtem.de\/index.php?rest_route=\/wp\/v2\/pages"}],"about":[{"href":"https:\/\/www.club-der-ringelsocken-sechtem.de\/index.php?rest_route=\/wp\/v2\/types\/page"}],"author":[{"embeddable":true,"href":"https:\/\/www.club-der-ringelsocken-sechtem.de\/index.php?rest_route=\/wp\/v2\/users\/1"}],"replies":[{"embeddable":true,"href":"https:\/\/www.club-der-ringelsocken-sechtem.de\/index.php?rest_route=%2Fwp%2Fv2%2Fcomments&post=14639"}],"version-history":[{"count":1,"href":"https:\/\/www.club-der-ringelsocken-sechtem.de\/index.php?rest_route=\/wp\/v2\/pages\/14639\/revisions"}],"predecessor-version":[{"id":14640,"href":"https:\/\/www.club-der-ringelsocken-sechtem.de\/index.php?rest_route=\/wp\/v2\/pages\/14639\/revisions\/14640"}],"wp:attachment":[{"href":"https:\/\/www.club-der-ringelsocken-sechtem.de\/index.php?rest_route=%2Fwp%2Fv2%2Fmedia&parent=14639"}],"curies":[{"name":"wp","href":"https:\/\/api.w.org\/{rel}","templated":true}]}}