{"id":14627,"date":"2019-12-27T12:24:11","date_gmt":"2019-12-27T11:24:11","guid":{"rendered":"http:\/\/www.club-der-ringelsocken-sechtem.de\/?page_id=14627"},"modified":"2021-10-17T07:25:50","modified_gmt":"2021-10-17T05:25:50","slug":"impressum","status":"publish","type":"page","link":"https:\/\/www.club-der-ringelsocken-sechtem.de\/?page_id=14627","title":{"rendered":"Impressum"},"content":{"rendered":"\n<p><strong><br>Verantwortlich f\u00fcr den Inhalt dieser Seiten:<\/strong><\/p>\n\n\n\n<p>Club der Ringelsocken Sechtem<br>z.Hd. Lucia Benner<br>c\/o Freie evangelische Gemeinde, Br\u00fchl<br>Alte Bonnstr. 146<br>50321 Br\u00fchl<\/p>\n\n\n\n<p><strong>Datenschutzerkl\u00e4rung<\/strong><\/p>\n\n\n\n<p>Unsere Datenschutzerkl\u00e4rung kann\u00a0<a href=\"https:\/\/www.club-der-ringelsocken-sechtem.de\/wp-content\/uploads\/2019\/12\/Datenschutz-CRS.pdf\" target=\"_blank\" rel=\"noreferrer noopener\">hier<\/a>\u00a0eingesehen und auf Wunsch downgeloaded werden.<\/p>\n\n\n\n<p><strong>Webdesign, Realisation und Webhosting:<\/strong><\/p>\n\n\n\n<p>h-concept.info<br>Holger Hillebrand<\/p>\n\n\n\n<p>(Kontaktadresse im Seitenkopf!)<\/p>\n\n\n\n<p><strong>Hinweis:<br>Es wird keine Verantwortung oder Haftung f\u00fcr den Inhalt der verlinkten Seiten \u00fcbernommen:<br>Diese Verantwortung liegt einzig und allein beim Herausgeber der entsprechenden Seiten.<\/strong><br><\/p>\n","protected":false},"excerpt":{"rendered":"<p>Verantwortlich f\u00fcr den Inhalt dieser Seiten: Club der Ringelsocken Sechtemz.Hd. Lucia Bennerc\/o Freie evangelische Gemeinde, Br\u00fchlAlte Bonnstr. 14650321 Br\u00fchl Datenschutzerkl\u00e4rung Unsere Datenschutzerkl\u00e4rung kann\u00a0hier\u00a0eingesehen und auf Wunsch downgeloaded werden. Webdesign, Realisation&#8230;<\/p>\n","protected":false},"author":1,"featured_media":0,"parent":0,"menu_order":0,"comment_status":"closed","ping_status":"closed","template":"","meta":{"footnotes":""},"class_list":["post-14627","page","type-page","status-publish","hentry","entry"],"_links":{"self":[{"href":"https:\/\/www.club-der-ringelsocken-sechtem.de\/index.php?rest_route=\/wp\/v2\/pages\/14627","targetHints":{"allow":["GET"]}}],"collection":[{"href":"https:\/\/www.club-der-ringelsocken-sechtem.de\/index.php?rest_route=\/wp\/v2\/pages"}],"about":[{"href":"https:\/\/www.club-der-ringelsocken-sechtem.de\/index.php?rest_route=\/wp\/v2\/types\/page"}],"author":[{"embeddable":true,"href":"https:\/\/www.club-der-ringelsocken-sechtem.de\/index.php?rest_route=\/wp\/v2\/users\/1"}],"replies":[{"embeddable":true,"href":"https:\/\/www.club-der-ringelsocken-sechtem.de\/index.php?rest_route=%2Fwp%2Fv2%2Fcomments&post=14627"}],"version-history":[{"count":5,"href":"https:\/\/www.club-der-ringelsocken-sechtem.de\/index.php?rest_route=\/wp\/v2\/pages\/14627\/revisions"}],"predecessor-version":[{"id":14817,"href":"https:\/\/www.club-der-ringelsocken-sechtem.de\/index.php?rest_route=\/wp\/v2\/pages\/14627\/revisions\/14817"}],"wp:attachment":[{"href":"https:\/\/www.club-der-ringelsocken-sechtem.de\/index.php?rest_route=%2Fwp%2Fv2%2Fmedia&parent=14627"}],"curies":[{"name":"wp","href":"https:\/\/api.w.org\/{rel}","templated":true}]}}